{"id":32,"date":"2019-08-20T00:25:49","date_gmt":"2019-08-20T00:25:49","guid":{"rendered":"http:\/\/retrogames-event.pl\/wordpress\/?page_id=32"},"modified":"2025-02-13T20:12:54","modified_gmt":"2025-02-13T20:12:54","slug":"oferta","status":"publish","type":"page","link":"https:\/\/retrogames-event.pl\/index.php\/oferta\/","title":{"rendered":"OFERTA"},"content":{"rendered":"\n<p><strong>Retro Games Event<\/strong> mo\u017ce by\u0107 zar\u00f3wno imprez\u0105 samodzieln\u0105 jak i atrakcj\u0105 towarzysz\u0105c\u0105. Mo\u017cemy urozmaici\u0107 odbywaj\u0105ce si\u0119 u Pa\u0144stwa konferencje, szkolenia, wystawy, targi (itp.) zajmuj\u0105c foyer, lobby, hol, korytarz czy dowolne, wyznaczone pomieszczenie. Ca\u0142\u0105 kolekcj\u0119 oddajemy do dyspozycji uczestnik\u00f3w, pomagamy w obs\u0142udze, s\u0142u\u017cymy informacjami, doradzamy&#8230;<\/p>\n\n\n\n<figure class=\"wp-block-gallery has-nested-images columns-default is-cropped wp-block-gallery-1 is-layout-flex\">\n<figure class=\"wp-block-image\"><img decoding=\"async\" loading=\"lazy\" width=\"1000\" height=\"600\" data-id=\"222\"  src=\"https:\/\/retrogames-event.pl\/wp-content\/uploads\/2020\/01\/wawa-008.jpg\" alt=\"\" class=\"wp-image-222\" srcset=\"https:\/\/retrogames-event.pl\/wp-content\/uploads\/2020\/01\/wawa-008.jpg 1000w, https:\/\/retrogames-event.pl\/wp-content\/uploads\/2020\/01\/wawa-008-300x180.jpg 300w, https:\/\/retrogames-event.pl\/wp-content\/uploads\/2020\/01\/wawa-008-768x461.jpg 768w, https:\/\/retrogames-event.pl\/wp-content\/uploads\/2020\/01\/wawa-008-720x432.jpg 720w\" sizes=\"(max-width: 1000px) 100vw, 1000px\" \/><\/figure>\n\n\n\n<figure class=\"wp-block-image\"><img decoding=\"async\" loading=\"lazy\" width=\"1000\" height=\"600\" data-id=\"221\"  src=\"https:\/\/retrogames-event.pl\/wp-content\/uploads\/2020\/01\/wawa-007.jpg\" alt=\"\" class=\"wp-image-221\" srcset=\"https:\/\/retrogames-event.pl\/wp-content\/uploads\/2020\/01\/wawa-007.jpg 1000w, https:\/\/retrogames-event.pl\/wp-content\/uploads\/2020\/01\/wawa-007-300x180.jpg 300w, https:\/\/retrogames-event.pl\/wp-content\/uploads\/2020\/01\/wawa-007-768x461.jpg 768w, https:\/\/retrogames-event.pl\/wp-content\/uploads\/2020\/01\/wawa-007-720x432.jpg 720w\" sizes=\"(max-width: 1000px) 100vw, 1000px\" \/><\/figure>\n\n\n\n<figure class=\"wp-block-image\"><img decoding=\"async\" loading=\"lazy\" width=\"1000\" height=\"600\" data-id=\"216\"  src=\"https:\/\/retrogames-event.pl\/wp-content\/uploads\/2020\/01\/wawa-002.jpg\" alt=\"\" class=\"wp-image-216\" srcset=\"https:\/\/retrogames-event.pl\/wp-content\/uploads\/2020\/01\/wawa-002.jpg 1000w, https:\/\/retrogames-event.pl\/wp-content\/uploads\/2020\/01\/wawa-002-300x180.jpg 300w, https:\/\/retrogames-event.pl\/wp-content\/uploads\/2020\/01\/wawa-002-768x461.jpg 768w, https:\/\/retrogames-event.pl\/wp-content\/uploads\/2020\/01\/wawa-002-720x432.jpg 720w\" sizes=\"(max-width: 1000px) 100vw, 1000px\" \/><\/figure>\n<\/figure>\n\n\n\n<p>Je\u015bli chodzi o gry to <strong>do\u0142o\u017cyli\u015bmy wszelkich stara\u0144<\/strong> aby ka\u017cdy mikrokomputer mia\u0142 ca\u0142\u0105 ich antologi\u0119. Ka\u017cdy z uczestnik\u00f3w mo\u017ce w dowolnej chwili je sobie zmienia\u0107, wybieraj\u0105c z kilku tysi\u0119cy tytu\u0142\u00f3w. Spos\u00f3b wczytywania jest dok\u0142adnie opisany na fiszkach stoj\u0105cych przy ka\u017cdym stanowisku (oczywi\u015bcie ca\u0142y czas s\u0142u\u017cymy pomoc\u0105).<\/p>\n\n\n\n<figure class=\"wp-block-image\"><img decoding=\"async\" loading=\"lazy\" width=\"1000\" height=\"367\" src=\"https:\/\/retrogames-event.pl\/wp-content\/uploads\/2020\/01\/fiszki.jpg\" alt=\"\" class=\"wp-image-247\" srcset=\"https:\/\/retrogames-event.pl\/wp-content\/uploads\/2020\/01\/fiszki.jpg 1000w, https:\/\/retrogames-event.pl\/wp-content\/uploads\/2020\/01\/fiszki-300x110.jpg 300w, https:\/\/retrogames-event.pl\/wp-content\/uploads\/2020\/01\/fiszki-768x282.jpg 768w, https:\/\/retrogames-event.pl\/wp-content\/uploads\/2020\/01\/fiszki-720x264.jpg 720w\" sizes=\"(max-width: 1000px) 100vw, 1000px\" \/><\/figure>\n\n\n\n<p><strong>Wszystkie nasze komputery zosta\u0142y ju\u017c przystosowane do czas\u00f3w wsp\u00f3\u0142czesnych.<\/strong> Warto wiedzie\u0107, \u017ce wczytywanie gier odbywa\u0142o si\u0119 z magnetofon\u00f3w kasetowych i trwa\u0142o od 10 do 40 minut. P\u00f3\u017aniejsze egzemplarze mia\u0142y ju\u017c stacje dysk\u00f3w, ale te no\u015bniki tak\u017ce nie by\u0142y doskona\u0142e. Komputery w naszej kolekcji maj\u0105 ju\u017c oddzielne, specjalne urz\u0105dzenia, kt\u00f3re ca\u0142y ten proces skracaj\u0105 do kilku b\u0105d\u017a kilkunastu sekund. <strong>Wygod\u0119 uczestnika zabawy postawili\u015bmy na pierwszym miejscu.<\/strong> Wszystkie przystosowali\u015bmy r\u00f3wnie\u017c do nowoczesnych monitor\u00f3w Neovo i zaopatrzyli\u015bmy w oddzielne g\u0142o\u015bniki. Joysticki, kt\u00f3rych u\u017cywamy to wiernie odtworzona imitacja kultowego joy&#8217;a Atari wykonane ju\u017c w nowoczesnej technologii, dzi\u0119ki czemu mamy gwarancj\u0119 ich wytrzyma\u0142o\u015bci.<\/p>\n\n\n<div class=\"wp-block-image\">\n<figure class=\"aligncenter size-full is-resized\"><img decoding=\"async\" loading=\"lazy\" src=\"https:\/\/retrogames-event.pl\/wp-content\/uploads\/2025\/02\/RG-Logo.gif\" alt=\"\" class=\"wp-image-341\" width=\"434\" height=\"377\"\/><\/figure><\/div>\n\n\n<figure class=\"wp-block-image\"><img decoding=\"async\" loading=\"lazy\" width=\"946\" height=\"25\" src=\"https:\/\/retrogames-event.pl\/wp-content\/uploads\/2019\/08\/linia.jpg\" alt=\"\" class=\"wp-image-94\" srcset=\"https:\/\/retrogames-event.pl\/wp-content\/uploads\/2019\/08\/linia.jpg 946w, https:\/\/retrogames-event.pl\/wp-content\/uploads\/2019\/08\/linia-300x8.jpg 300w, https:\/\/retrogames-event.pl\/wp-content\/uploads\/2019\/08\/linia-768x20.jpg 768w, https:\/\/retrogames-event.pl\/wp-content\/uploads\/2019\/08\/linia-720x19.jpg 720w\" sizes=\"(max-width: 946px) 100vw, 946px\" \/><\/figure>\n\n\n\n<p>Nasza chronologicznie uporz\u0105dkowana kolekcja wygl\u0105da nast\u0119puj\u0105co: (graficzne info znajduje si\u0119 na stronie <a href=\"https:\/\/retrogames-event.pl\/index.php\/mikrokomputery\/\">MIKROKOMPUTERY<\/a>)<\/p>\n\n\n\n<p><strong>ZX81 <\/strong>&#8211; czyli jeden z pierwszych, domowych mikrokomputer\u00f3w w Europie. Tutaj w roli prawdziwego zabytku, absolutny unikat i raczej jako ciekawostka ni\u017c maszyna do gier. Bo cho\u0107 posiada ich kilka to grafika sk\u0142ada si\u0119 z kresek i kropek. Ale zaryzykowa\u0107 mo\u017cna&#8230;<\/p>\n\n\n\n<p><strong>ZX Spectrum<\/strong> \u2013 Najpopularniejszy mikrokomputer, kt\u00f3ry trafi\u0142 pod strzechy tu\u017c po swoim poprzedniku ZX81 i od razu sta\u0142 si\u0119 przebojem w Wielkiej Brytanii po czym wyruszy\u0142 na podb\u00f3j \u015bwiata. Zwany \u201egumiakiem\u201d z uwagi na charakterystyczn\u0105, gumow\u0105 klawiatur\u0119.<\/p>\n\n\n\n<p><strong>ZX Spectrum+<\/strong> &#8211; Dro\u017cszy ale i solidniejszy w wykonaniu nast\u0119pca, kt\u00f3rego nasi klienci bezb\u0142\u0119dnie rozpoznaj\u0105 z pracowni komputerowych Dom\u00f3w Kultury. Tu\u017c po nim pojawia\u0142y si\u0119 kolejne wersje jak cho\u0107by ZX Spectrum 128, +2 czy +3 ale pojawia\u0142y si\u0119 w naszych domach rzadziej.<\/p>\n\n\n\n<p><strong>Timex 2048 &#8211;<\/strong> Zast\u0119powa\u0142 ZX Spectrum jako jego \u201eameryka\u0144ska\u201d wersja. Popularny w Domach Kultury i szko\u0142ach poniewa\u017c by\u0142 owocem wymiany w czasach PRL. My produkowali\u015bmy monitory Neptun a zaprzyja\u017aniona Portugalia (gdzie by\u0142 produkowany) przysy\u0142a\u0142a nam za nie Timex&#8217;y.<\/p>\n\n\n\n<p><strong>Amstrad CPC646 <\/strong>\u2013 Do Polski trafia\u0142 w ramach indywidualnego importu oraz w ramach wsparcia struktur podziemnej Solidarno\u015bci poniewa\u017c doskonale nadawa\u0142 si\u0119 do prac edytorskich i wydawania czasopism. W tamtych czasach bardzo rzadki i trudny do zdobycia&#8230;<\/p>\n\n\n\n<p><strong>Atari 800XL<\/strong> \u2013 Komputer, kt\u00f3ry szturmem zawojowa\u0142 nasz rynek i przej\u0105\u0142 pa\u0142eczk\u0119 po przestarza\u0142ym ZX Spectrum.<\/p>\n\n\n\n<p><strong>Atari 65XE<\/strong> \u2013 Bardzo popularna i cz\u0119sto spotykana nowsza wersja poprzednika. I tu te\u017c pojawia\u0142y si\u0119 inne modele jak 130XE, 800XE czy XEGS ale nie odegra\u0142y ju\u017c wi\u0119kszej roli.<\/p>\n\n\n\n<p><strong>ATARI 1040ST<\/strong> \u2013 Pierwszy na \u015bwiecie, domowy komputer \u201edla profesjonalist\u00f3w\u201d. Popularny w\u015br\u00f3d grafik\u00f3w (mamy specjalistyczne programy) i muzyk\u00f3w z uwagi na wbudowane wej\u015bcia MIDI. Drogi ale cz\u0119sto spotykany u zawodowc\u00f3w.<\/p>\n\n\n\n<p><strong>COMMODORE 64<\/strong> \u2013 Bezapelacyjny kr\u00f3l gier tamtych czas\u00f3w. Odwieczna konkurencja dla ATARI posiadaj\u0105ca jednak lepsze brzmienie (jako sekwencera muzycznego u\u017cywa\u0142 go zesp\u00f3\u0142 Kombi) i wi\u0119ksz\u0105 bibliotek\u0119 gier.<\/p>\n\n\n\n<p><strong>COMMODORE 64C<\/strong> \u2013 Czyli poprzednik w nowej obudowie. I na tym modelu r\u00f3wnie\u017c poprzestali\u015bmy poniewa\u017c kolejne jego wariacje r\u00f3\u017cni\u0142y si\u0119 tylko symbolami czy ilo\u015bci\u0105 pami\u0119ci co nie wp\u0142ywa\u0142o na rado\u015b\u0107 z grania.<\/p>\n\n\n\n<p><strong>AMIGA 500 <\/strong>\u2013 Kr\u00f3lowa gier, kt\u00f3ra wywindowa\u0142a t\u0119 rozrywk\u0119 na maksymalny poziom. Obowi\u0105zkowa pozycja w ka\u017cdym domu mi\u0142o\u015bnika elektronicznej rozrywki. To na niej zaczynali potentaci gier jak cho\u0107by tw\u00f3rcy, przynosz\u0105cej obecnie miliardy zysku, gry GTA5.<\/p>\n\n\n\n<p><strong>AMIGA 600 <\/strong>&#8211; Czyli kolejny lifting kr\u00f3lowej do\u015b\u0107 cz\u0119sto pojawiaj\u0105cy si\u0119 w naszym kraju. Cechowa\u0142a j\u0105 mo\u017cliwo\u015b\u0107 wi\u0119kszej rozbudowy i elastyczno\u015b\u0107 w przer\u00f3bkach.<\/p>\n\n\n\n<figure class=\"wp-block-image\"><img decoding=\"async\" loading=\"lazy\" width=\"946\" height=\"25\" src=\"https:\/\/retrogames-event.pl\/wp-content\/uploads\/2019\/08\/linia.jpg\" alt=\"\" class=\"wp-image-94\" srcset=\"https:\/\/retrogames-event.pl\/wp-content\/uploads\/2019\/08\/linia.jpg 946w, https:\/\/retrogames-event.pl\/wp-content\/uploads\/2019\/08\/linia-300x8.jpg 300w, https:\/\/retrogames-event.pl\/wp-content\/uploads\/2019\/08\/linia-768x20.jpg 768w, https:\/\/retrogames-event.pl\/wp-content\/uploads\/2019\/08\/linia-720x19.jpg 720w\" sizes=\"(max-width: 946px) 100vw, 946px\" \/><\/figure>\n\n\n\n<p>Osobny <strong>Commodore 64 <\/strong>znajduje si\u0119 na stanowisku konkursowym gdzie uczestnicy walcz\u0105 o nagrody w najpopularniejszej grze tamtych czas\u00f3w -River Raid. Wi\u0119cej informacji znajduje si\u0119 na stronie <a href=\"https:\/\/retrogames-event.pl\/index.php\/konkurs\/\">KONKURS<\/a>.<\/p>\n\n\n\n<figure class=\"wp-block-gallery has-nested-images columns-default is-cropped wp-block-gallery-3 is-layout-flex\">\n<figure class=\"wp-block-image\"><img decoding=\"async\" loading=\"lazy\" width=\"1000\" height=\"600\" data-id=\"71\"  src=\"https:\/\/retrogames-event.pl\/wp-content\/uploads\/2019\/08\/026.jpg\" alt=\"\" class=\"wp-image-71\" srcset=\"https:\/\/retrogames-event.pl\/wp-content\/uploads\/2019\/08\/026.jpg 1000w, https:\/\/retrogames-event.pl\/wp-content\/uploads\/2019\/08\/026-300x180.jpg 300w, https:\/\/retrogames-event.pl\/wp-content\/uploads\/2019\/08\/026-768x461.jpg 768w, https:\/\/retrogames-event.pl\/wp-content\/uploads\/2019\/08\/026-720x432.jpg 720w\" sizes=\"(max-width: 1000px) 100vw, 1000px\" \/><\/figure>\n<\/figure>\n\n\n\n<figure class=\"wp-block-gallery has-nested-images columns-default is-cropped wp-block-gallery-5 is-layout-flex\">\n<figure class=\"wp-block-image\"><img decoding=\"async\" loading=\"lazy\" width=\"1000\" height=\"600\" data-id=\"287\"  src=\"https:\/\/retrogames-event.pl\/wp-content\/uploads\/2020\/01\/RR-01.jpg\" alt=\"\" class=\"wp-image-287\" srcset=\"https:\/\/retrogames-event.pl\/wp-content\/uploads\/2020\/01\/RR-01.jpg 1000w, https:\/\/retrogames-event.pl\/wp-content\/uploads\/2020\/01\/RR-01-300x180.jpg 300w, https:\/\/retrogames-event.pl\/wp-content\/uploads\/2020\/01\/RR-01-768x461.jpg 768w, https:\/\/retrogames-event.pl\/wp-content\/uploads\/2020\/01\/RR-01-720x432.jpg 720w\" sizes=\"(max-width: 1000px) 100vw, 1000px\" \/><\/figure>\n\n\n\n<figure class=\"wp-block-image\"><img decoding=\"async\" loading=\"lazy\" width=\"1000\" height=\"600\" data-id=\"288\"  src=\"https:\/\/retrogames-event.pl\/wp-content\/uploads\/2020\/01\/RR-02.jpg\" alt=\"\" class=\"wp-image-288\" srcset=\"https:\/\/retrogames-event.pl\/wp-content\/uploads\/2020\/01\/RR-02.jpg 1000w, https:\/\/retrogames-event.pl\/wp-content\/uploads\/2020\/01\/RR-02-300x180.jpg 300w, https:\/\/retrogames-event.pl\/wp-content\/uploads\/2020\/01\/RR-02-768x461.jpg 768w, https:\/\/retrogames-event.pl\/wp-content\/uploads\/2020\/01\/RR-02-720x432.jpg 720w\" sizes=\"(max-width: 1000px) 100vw, 1000px\" \/><\/figure>\n<\/figure>\n\n\n\n<figure class=\"wp-block-image\"><img decoding=\"async\" loading=\"lazy\" width=\"946\" height=\"25\" src=\"https:\/\/retrogames-event.pl\/wp-content\/uploads\/2019\/08\/linia.jpg\" alt=\"\" class=\"wp-image-94\" srcset=\"https:\/\/retrogames-event.pl\/wp-content\/uploads\/2019\/08\/linia.jpg 946w, https:\/\/retrogames-event.pl\/wp-content\/uploads\/2019\/08\/linia-300x8.jpg 300w, https:\/\/retrogames-event.pl\/wp-content\/uploads\/2019\/08\/linia-768x20.jpg 768w, https:\/\/retrogames-event.pl\/wp-content\/uploads\/2019\/08\/linia-720x19.jpg 720w\" sizes=\"(max-width: 946px) 100vw, 946px\" \/><\/figure>\n\n\n\n<p>Na stanowisku <strong>PONG <\/strong>znajdziemy natomiast jedyn\u0105 polsk\u0105 konsol\u0119 do gier wyprodukowan\u0105 przez firm\u0119 Ameprod czyli <strong>TVG-10<\/strong>.<\/p>\n\n\n\n<figure class=\"wp-block-gallery has-nested-images columns-default is-cropped wp-block-gallery-7 is-layout-flex\">\n<figure class=\"wp-block-image\"><img decoding=\"async\" loading=\"lazy\" width=\"1000\" height=\"600\" data-id=\"224\"  src=\"https:\/\/retrogames-event.pl\/wp-content\/uploads\/2020\/01\/wawa-010.jpg\" alt=\"\" class=\"wp-image-224\" srcset=\"https:\/\/retrogames-event.pl\/wp-content\/uploads\/2020\/01\/wawa-010.jpg 1000w, https:\/\/retrogames-event.pl\/wp-content\/uploads\/2020\/01\/wawa-010-300x180.jpg 300w, https:\/\/retrogames-event.pl\/wp-content\/uploads\/2020\/01\/wawa-010-768x461.jpg 768w, https:\/\/retrogames-event.pl\/wp-content\/uploads\/2020\/01\/wawa-010-720x432.jpg 720w\" sizes=\"(max-width: 1000px) 100vw, 1000px\" \/><\/figure>\n\n\n\n<figure class=\"wp-block-image\"><img decoding=\"async\" loading=\"lazy\" width=\"300\" height=\"180\" data-id=\"285\"  src=\"https:\/\/retrogames-event.pl\/wp-content\/uploads\/2020\/01\/pong.gif\" alt=\"\" class=\"wp-image-285\"\/><\/figure>\n<\/figure>\n\n\n\n<figure class=\"wp-block-image\"><img decoding=\"async\" loading=\"lazy\" width=\"946\" height=\"25\" src=\"https:\/\/retrogames-event.pl\/wp-content\/uploads\/2019\/08\/linia.jpg\" alt=\"\" class=\"wp-image-94\" srcset=\"https:\/\/retrogames-event.pl\/wp-content\/uploads\/2019\/08\/linia.jpg 946w, https:\/\/retrogames-event.pl\/wp-content\/uploads\/2019\/08\/linia-300x8.jpg 300w, https:\/\/retrogames-event.pl\/wp-content\/uploads\/2019\/08\/linia-768x20.jpg 768w, https:\/\/retrogames-event.pl\/wp-content\/uploads\/2019\/08\/linia-720x19.jpg 720w\" sizes=\"(max-width: 946px) 100vw, 946px\" \/><\/figure>\n\n\n\n<p>Kolejnym stanowiskiem jest automat <strong>ARCADE <\/strong>zawieraj\u0105cy ca\u0142\u0105 klasyk\u0119 z \u00f3wczesnych Salon\u00f3w Gier. Automaty tego typu znajdowali\u015bmy w barach, na deptakach czy w objazdowych \u201ebudach\u201d. Tu tak\u017ce znajdziemy niesamowit\u0105 kolekcj\u0119 tytu\u0142\u00f3w.<\/p>\n\n\n\n<figure class=\"wp-block-image\"><img decoding=\"async\" loading=\"lazy\" width=\"1000\" height=\"600\" src=\"https:\/\/retrogames-event.pl\/wp-content\/uploads\/2019\/08\/007.jpg\" alt=\"\" class=\"wp-image-52\" srcset=\"https:\/\/retrogames-event.pl\/wp-content\/uploads\/2019\/08\/007.jpg 1000w, https:\/\/retrogames-event.pl\/wp-content\/uploads\/2019\/08\/007-300x180.jpg 300w, https:\/\/retrogames-event.pl\/wp-content\/uploads\/2019\/08\/007-768x461.jpg 768w, https:\/\/retrogames-event.pl\/wp-content\/uploads\/2019\/08\/007-720x432.jpg 720w\" sizes=\"(max-width: 1000px) 100vw, 1000px\" \/><\/figure>\n\n\n\n<figure class=\"wp-block-image\"><img decoding=\"async\" loading=\"lazy\" width=\"946\" height=\"25\" src=\"https:\/\/retrogames-event.pl\/wp-content\/uploads\/2019\/08\/linia.jpg\" alt=\"\" class=\"wp-image-94\" srcset=\"https:\/\/retrogames-event.pl\/wp-content\/uploads\/2019\/08\/linia.jpg 946w, https:\/\/retrogames-event.pl\/wp-content\/uploads\/2019\/08\/linia-300x8.jpg 300w, https:\/\/retrogames-event.pl\/wp-content\/uploads\/2019\/08\/linia-768x20.jpg 768w, https:\/\/retrogames-event.pl\/wp-content\/uploads\/2019\/08\/linia-720x19.jpg 720w\" sizes=\"(max-width: 946px) 100vw, 946px\" \/><\/figure>\n\n\n\n<p>Na stanowiskach \u201egier analogowych\u201d (kt\u00f3re ca\u0142y czas powi\u0119kszamy) uczestnicy znajd\u0105 mechanicznego flippera, niezwykle popularne pi\u0142karzyki, Master Mind&#8217;a (kto\u015b pami\u0119ta?), bierki, domino czy Tor Do Gry W Kapsle bo to wszystko tak\u017ce podchodzi pod nasz\u0105 tematyk\u0119. W to si\u0119 gra\u0142o w latach 80 i 90&#8217;tych&#8230;<\/p>\n\n\n\n<figure class=\"wp-block-image\"><img decoding=\"async\" loading=\"lazy\" width=\"1000\" height=\"600\" src=\"https:\/\/retrogames-event.pl\/wp-content\/uploads\/2020\/01\/wawa-004.jpg\" alt=\"\" class=\"wp-image-218\" srcset=\"https:\/\/retrogames-event.pl\/wp-content\/uploads\/2020\/01\/wawa-004.jpg 1000w, https:\/\/retrogames-event.pl\/wp-content\/uploads\/2020\/01\/wawa-004-300x180.jpg 300w, https:\/\/retrogames-event.pl\/wp-content\/uploads\/2020\/01\/wawa-004-768x461.jpg 768w, https:\/\/retrogames-event.pl\/wp-content\/uploads\/2020\/01\/wawa-004-720x432.jpg 720w\" sizes=\"(max-width: 1000px) 100vw, 1000px\" \/><\/figure>\n\n\n\n<figure class=\"wp-block-image\"><img decoding=\"async\" loading=\"lazy\" width=\"946\" height=\"25\" src=\"https:\/\/retrogames-event.pl\/wp-content\/uploads\/2019\/08\/linia.jpg\" alt=\"\" class=\"wp-image-94\" srcset=\"https:\/\/retrogames-event.pl\/wp-content\/uploads\/2019\/08\/linia.jpg 946w, https:\/\/retrogames-event.pl\/wp-content\/uploads\/2019\/08\/linia-300x8.jpg 300w, https:\/\/retrogames-event.pl\/wp-content\/uploads\/2019\/08\/linia-768x20.jpg 768w, https:\/\/retrogames-event.pl\/wp-content\/uploads\/2019\/08\/linia-720x19.jpg 720w\" sizes=\"(max-width: 946px) 100vw, 946px\" \/><\/figure>\n\n\n\n<p>Dodatkowym smaczkiem s\u0105 kompletne, oprawione roczniki czasopism <strong>Bajtek<\/strong> (86, 87, 88, 89) i <strong>Komputer <\/strong>(86, 87, 88) z kt\u00f3rymi mo\u017cemy odby\u0107 nieco szokuj\u0105c\u0105 podr\u00f3\u017c opisuj\u0105c\u0105 nowinki techniczne w czasach PRL&#8217;u.<\/p>\n\n\n<div class=\"wp-block-image\">\n<figure class=\"aligncenter\"><img decoding=\"async\" loading=\"lazy\" width=\"410\" height=\"259\" src=\"https:\/\/retrogames-event.pl\/wp-content\/uploads\/2019\/08\/bajtek-komp.jpg\" alt=\"\" class=\"wp-image-125\" srcset=\"https:\/\/retrogames-event.pl\/wp-content\/uploads\/2019\/08\/bajtek-komp.jpg 410w, https:\/\/retrogames-event.pl\/wp-content\/uploads\/2019\/08\/bajtek-komp-300x190.jpg 300w\" sizes=\"(max-width: 410px) 100vw, 410px\" \/><\/figure><\/div>\n\n\n<p><strong>Retro Games Event<\/strong> ca\u0142y czas si\u0119 powi\u0119ksza! Uwa\u017cnie ws\u0142uchujemy si\u0119 we wspomnienia uczestnik\u00f3w i wci\u0105\u017c dodajemy kolejne atrakcje.<\/p>\n\n\n\n<p><strong>Zapraszamy do wsp\u00f3\u0142pracy!<\/strong><\/p>\n\n\n\n<p>Wszystkie informacje znajduj\u0105 si\u0119 w dziale <a href=\"https:\/\/retrogames-event.pl\/index.php\/kontakt\/\">KONTAKT<\/a><\/p>\n","protected":false},"excerpt":{"rendered":"<p>Retro Games Event mo\u017ce by\u0107 zar\u00f3wno imprez\u0105 samodzieln\u0105 jak i atrakcj\u0105 towarzysz\u0105c\u0105. Mo\u017cemy urozmaici\u0107 odbywaj\u0105ce si\u0119 u Pa\u0144stwa konferencje, szkolenia, wystawy, targi (itp.) zajmuj\u0105c foyer, lobby,&#46;&#46;&#46;<\/p>\n","protected":false},"author":1,"featured_media":0,"parent":0,"menu_order":0,"comment_status":"closed","ping_status":"closed","template":"","meta":[],"_links":{"self":[{"href":"https:\/\/retrogames-event.pl\/index.php\/wp-json\/wp\/v2\/pages\/32"}],"collection":[{"href":"https:\/\/retrogames-event.pl\/index.php\/wp-json\/wp\/v2\/pages"}],"about":[{"href":"https:\/\/retrogames-event.pl\/index.php\/wp-json\/wp\/v2\/types\/page"}],"author":[{"embeddable":true,"href":"https:\/\/retrogames-event.pl\/index.php\/wp-json\/wp\/v2\/users\/1"}],"replies":[{"embeddable":true,"href":"https:\/\/retrogames-event.pl\/index.php\/wp-json\/wp\/v2\/comments?post=32"}],"version-history":[{"count":30,"href":"https:\/\/retrogames-event.pl\/index.php\/wp-json\/wp\/v2\/pages\/32\/revisions"}],"predecessor-version":[{"id":350,"href":"https:\/\/retrogames-event.pl\/index.php\/wp-json\/wp\/v2\/pages\/32\/revisions\/350"}],"wp:attachment":[{"href":"https:\/\/retrogames-event.pl\/index.php\/wp-json\/wp\/v2\/media?parent=32"}],"curies":[{"name":"wp","href":"https:\/\/api.w.org\/{rel}","templated":true}]}}