{"id":31,"date":"2019-08-20T00:25:49","date_gmt":"2019-08-20T00:25:49","guid":{"rendered":"http:\/\/retrogames-event.pl\/wordpress\/?page_id=31"},"modified":"2020-01-04T16:09:06","modified_gmt":"2020-01-04T16:09:06","slug":"mikrokomputery","status":"publish","type":"page","link":"https:\/\/retrogames-event.pl\/index.php\/mikrokomputery\/","title":{"rendered":"MIKROKOMPUTERY"},"content":{"rendered":"<p>Cho\u0107 na naszych stanowiskach znajdziecie Automat Arcade, PONG&#8217;a, konsole &#8222;New Retro&#8221; czyli Playstation 1, NES, SEGA czy CAPCOM to jednak nasz\u0105 najwi\u0119ksz\u0105 dum\u0105 s\u0105 w pe\u0142ni sprawne mikrokomputery domowe. Dok\u0142adnie <strong>12 kultowych maszyn<\/strong>, kt\u00f3re rozpala\u0142y nasz\u0105 dzieci\u0119c\u0105 wyobra\u017ani\u0119. To pewnego rodzaju &#8222;muzealna&#8221; podr\u00f3\u017c od 1981 roku a\u017c po ich kres gdy \u015bwiatem zacz\u0119\u0142y rz\u0105dzi\u0107 komputery PC. To 12 najcz\u0119\u015bciej spotykanych mikrokomputer\u00f3w w naszym kraju. <strong>Do Waszej dyspozycji oddajemy:<\/strong><\/p>\n\n\n<figure class=\"wp-block-image\"><img decoding=\"async\" loading=\"lazy\" width=\"600\" height=\"755\" src=\"https:\/\/retrogames-event.pl\/wp-content\/uploads\/2019\/08\/mikro01.jpg\" alt=\"\" class=\"wp-image-132\" srcset=\"https:\/\/retrogames-event.pl\/wp-content\/uploads\/2019\/08\/mikro01.jpg 600w, https:\/\/retrogames-event.pl\/wp-content\/uploads\/2019\/08\/mikro01-238x300.jpg 238w\" sizes=\"(max-width: 600px) 100vw, 600px\" \/><\/figure>\n\n\n\n<figure class=\"wp-block-image\"><img decoding=\"async\" loading=\"lazy\" width=\"600\" height=\"755\" src=\"https:\/\/retrogames-event.pl\/wp-content\/uploads\/2019\/08\/mikro02.jpg\" alt=\"\" class=\"wp-image-133\" srcset=\"https:\/\/retrogames-event.pl\/wp-content\/uploads\/2019\/08\/mikro02.jpg 600w, https:\/\/retrogames-event.pl\/wp-content\/uploads\/2019\/08\/mikro02-238x300.jpg 238w\" sizes=\"(max-width: 600px) 100vw, 600px\" \/><\/figure>\n\n\n\n<figure class=\"wp-block-image\"><img decoding=\"async\" loading=\"lazy\" width=\"600\" height=\"755\" src=\"https:\/\/retrogames-event.pl\/wp-content\/uploads\/2019\/08\/mikro03.jpg\" alt=\"\" class=\"wp-image-134\" srcset=\"https:\/\/retrogames-event.pl\/wp-content\/uploads\/2019\/08\/mikro03.jpg 600w, https:\/\/retrogames-event.pl\/wp-content\/uploads\/2019\/08\/mikro03-238x300.jpg 238w\" sizes=\"(max-width: 600px) 100vw, 600px\" \/><\/figure>\n\n\n\n<figure class=\"wp-block-image\"><img decoding=\"async\" loading=\"lazy\" width=\"600\" height=\"755\" src=\"https:\/\/retrogames-event.pl\/wp-content\/uploads\/2019\/08\/mikro09.jpg\" alt=\"\" class=\"wp-image-140\" srcset=\"https:\/\/retrogames-event.pl\/wp-content\/uploads\/2019\/08\/mikro09.jpg 600w, https:\/\/retrogames-event.pl\/wp-content\/uploads\/2019\/08\/mikro09-238x300.jpg 238w\" sizes=\"(max-width: 600px) 100vw, 600px\" \/><\/figure>\n\n\n\n<figure class=\"wp-block-image\"><img decoding=\"async\" loading=\"lazy\" width=\"600\" height=\"755\" src=\"https:\/\/retrogames-event.pl\/wp-content\/uploads\/2019\/08\/mikro10.jpg\" alt=\"\" class=\"wp-image-141\" srcset=\"https:\/\/retrogames-event.pl\/wp-content\/uploads\/2019\/08\/mikro10.jpg 600w, https:\/\/retrogames-event.pl\/wp-content\/uploads\/2019\/08\/mikro10-238x300.jpg 238w\" sizes=\"(max-width: 600px) 100vw, 600px\" \/><\/figure>\n\n\n\n<figure class=\"wp-block-image\"><img decoding=\"async\" loading=\"lazy\" width=\"600\" height=\"755\" src=\"https:\/\/retrogames-event.pl\/wp-content\/uploads\/2019\/08\/mikro08.jpg\" alt=\"\" class=\"wp-image-139\" srcset=\"https:\/\/retrogames-event.pl\/wp-content\/uploads\/2019\/08\/mikro08.jpg 600w, https:\/\/retrogames-event.pl\/wp-content\/uploads\/2019\/08\/mikro08-238x300.jpg 238w\" sizes=\"(max-width: 600px) 100vw, 600px\" \/><\/figure>\n\n\n\n<figure class=\"wp-block-image\"><img decoding=\"async\" loading=\"lazy\" width=\"600\" height=\"755\" src=\"https:\/\/retrogames-event.pl\/wp-content\/uploads\/2019\/08\/mikro07.jpg\" alt=\"\" class=\"wp-image-138\" srcset=\"https:\/\/retrogames-event.pl\/wp-content\/uploads\/2019\/08\/mikro07.jpg 600w, https:\/\/retrogames-event.pl\/wp-content\/uploads\/2019\/08\/mikro07-238x300.jpg 238w\" sizes=\"(max-width: 600px) 100vw, 600px\" \/><\/figure>\n\n\n\n<figure class=\"wp-block-image\"><img decoding=\"async\" loading=\"lazy\" width=\"600\" height=\"755\" src=\"https:\/\/retrogames-event.pl\/wp-content\/uploads\/2019\/08\/mikro06.jpg\" alt=\"\" class=\"wp-image-137\" srcset=\"https:\/\/retrogames-event.pl\/wp-content\/uploads\/2019\/08\/mikro06.jpg 600w, https:\/\/retrogames-event.pl\/wp-content\/uploads\/2019\/08\/mikro06-238x300.jpg 238w\" sizes=\"(max-width: 600px) 100vw, 600px\" \/><\/figure>\n\n\n\n<figure class=\"wp-block-image\"><img decoding=\"async\" loading=\"lazy\" width=\"600\" height=\"755\" src=\"https:\/\/retrogames-event.pl\/wp-content\/uploads\/2019\/08\/mikro11.jpg\" alt=\"\" class=\"wp-image-142\" srcset=\"https:\/\/retrogames-event.pl\/wp-content\/uploads\/2019\/08\/mikro11.jpg 600w, https:\/\/retrogames-event.pl\/wp-content\/uploads\/2019\/08\/mikro11-238x300.jpg 238w\" sizes=\"(max-width: 600px) 100vw, 600px\" \/><\/figure>\n\n\n\n<figure class=\"wp-block-image\"><img decoding=\"async\" loading=\"lazy\" width=\"600\" height=\"755\" src=\"https:\/\/retrogames-event.pl\/wp-content\/uploads\/2019\/08\/mikro05.jpg\" alt=\"\" class=\"wp-image-136\" srcset=\"https:\/\/retrogames-event.pl\/wp-content\/uploads\/2019\/08\/mikro05.jpg 600w, https:\/\/retrogames-event.pl\/wp-content\/uploads\/2019\/08\/mikro05-238x300.jpg 238w\" sizes=\"(max-width: 600px) 100vw, 600px\" \/><\/figure>\n\n\n\n<figure class=\"wp-block-image\"><img decoding=\"async\" loading=\"lazy\" width=\"600\" height=\"755\" src=\"https:\/\/retrogames-event.pl\/wp-content\/uploads\/2019\/08\/mikro04.jpg\" alt=\"\" class=\"wp-image-135\" srcset=\"https:\/\/retrogames-event.pl\/wp-content\/uploads\/2019\/08\/mikro04.jpg 600w, https:\/\/retrogames-event.pl\/wp-content\/uploads\/2019\/08\/mikro04-238x300.jpg 238w\" sizes=\"(max-width: 600px) 100vw, 600px\" \/><\/figure>\n\n\n\n<figure class=\"wp-block-image\"><img decoding=\"async\" loading=\"lazy\" width=\"600\" height=\"755\" src=\"https:\/\/retrogames-event.pl\/wp-content\/uploads\/2019\/08\/mikro12.jpg\" alt=\"\" class=\"wp-image-143\" srcset=\"https:\/\/retrogames-event.pl\/wp-content\/uploads\/2019\/08\/mikro12.jpg 600w, https:\/\/retrogames-event.pl\/wp-content\/uploads\/2019\/08\/mikro12-238x300.jpg 238w\" sizes=\"(max-width: 600px) 100vw, 600px\" \/><\/figure>\n","protected":false},"excerpt":{"rendered":"<p>Cho\u0107 na naszych stanowiskach znajdziecie Automat Arcade, PONG&#8217;a, konsole &#8222;New Retro&#8221; czyli Playstation 1, NES, SEGA czy CAPCOM to jednak nasz\u0105 najwi\u0119ksz\u0105 dum\u0105 s\u0105 w pe\u0142ni&#46;&#46;&#46;<\/p>\n","protected":false},"author":1,"featured_media":0,"parent":0,"menu_order":0,"comment_status":"closed","ping_status":"closed","template":"","meta":[],"_links":{"self":[{"href":"https:\/\/retrogames-event.pl\/index.php\/wp-json\/wp\/v2\/pages\/31"}],"collection":[{"href":"https:\/\/retrogames-event.pl\/index.php\/wp-json\/wp\/v2\/pages"}],"about":[{"href":"https:\/\/retrogames-event.pl\/index.php\/wp-json\/wp\/v2\/types\/page"}],"author":[{"embeddable":true,"href":"https:\/\/retrogames-event.pl\/index.php\/wp-json\/wp\/v2\/users\/1"}],"replies":[{"embeddable":true,"href":"https:\/\/retrogames-event.pl\/index.php\/wp-json\/wp\/v2\/comments?post=31"}],"version-history":[{"count":12,"href":"https:\/\/retrogames-event.pl\/index.php\/wp-json\/wp\/v2\/pages\/31\/revisions"}],"predecessor-version":[{"id":273,"href":"https:\/\/retrogames-event.pl\/index.php\/wp-json\/wp\/v2\/pages\/31\/revisions\/273"}],"wp:attachment":[{"href":"https:\/\/retrogames-event.pl\/index.php\/wp-json\/wp\/v2\/media?parent=31"}],"curies":[{"name":"wp","href":"https:\/\/api.w.org\/{rel}","templated":true}]}}