{"id":27,"date":"2019-08-20T00:25:49","date_gmt":"2019-08-20T00:25:49","guid":{"rendered":"http:\/\/retrogames-event.pl\/wordpress\/?page_id=27"},"modified":"2025-02-13T20:14:20","modified_gmt":"2025-02-13T20:14:20","slug":"loading","status":"publish","type":"page","link":"https:\/\/retrogames-event.pl\/","title":{"rendered":"LOADING&#8230;"},"content":{"rendered":"\n<figure class=\"wp-block-image\"><img decoding=\"async\" loading=\"lazy\" width=\"1024\" height=\"320\" src=\"https:\/\/retrogames-event.pl\/wp-content\/uploads\/2019\/08\/wp-roll3-1024x320.jpg\" alt=\"\" class=\"wp-image-99\" srcset=\"https:\/\/retrogames-event.pl\/wp-content\/uploads\/2019\/08\/wp-roll3-1024x320.jpg 1024w, https:\/\/retrogames-event.pl\/wp-content\/uploads\/2019\/08\/wp-roll3-300x94.jpg 300w, https:\/\/retrogames-event.pl\/wp-content\/uploads\/2019\/08\/wp-roll3-768x240.jpg 768w, https:\/\/retrogames-event.pl\/wp-content\/uploads\/2019\/08\/wp-roll3-720x225.jpg 720w, https:\/\/retrogames-event.pl\/wp-content\/uploads\/2019\/08\/wp-roll3.jpg 1600w\" sizes=\"(max-width: 1024px) 100vw, 1024px\" \/><\/figure>\n\n\n\n<p>Polecamy Pa\u0144stwa uwadze nasz\u0105 stref\u0119 <strong>Retro Games Event<\/strong>, kt\u00f3ra dla Pa\u0144stwa i Pa\u0144stwa klient\u00f3w b\u0119dzie sympatycznie zaskakuj\u0105c\u0105 podr\u00f3\u017c\u0105 w czasie. Dla starszych &#8211;  sentymentaln\u0105 podr\u00f3\u017c\u0105 do czas\u00f3w ich m\u0142odo\u015bci; dla m\u0142odych &#8211; szokuj\u0105c\u0105 wypraw\u0105 w nieznany \u015bwiat pierwszych komputer\u00f3w domowych.<\/p>\n\n\n\n<figure class=\"wp-block-gallery has-nested-images columns-default is-cropped wp-block-gallery-1 is-layout-flex\">\n<figure class=\"wp-block-image\"><img decoding=\"async\" loading=\"lazy\" width=\"1000\" height=\"600\" data-id=\"221\"  src=\"https:\/\/retrogames-event.pl\/wp-content\/uploads\/2020\/01\/wawa-007.jpg\" alt=\"\" class=\"wp-image-221\" srcset=\"https:\/\/retrogames-event.pl\/wp-content\/uploads\/2020\/01\/wawa-007.jpg 1000w, https:\/\/retrogames-event.pl\/wp-content\/uploads\/2020\/01\/wawa-007-300x180.jpg 300w, https:\/\/retrogames-event.pl\/wp-content\/uploads\/2020\/01\/wawa-007-768x461.jpg 768w, https:\/\/retrogames-event.pl\/wp-content\/uploads\/2020\/01\/wawa-007-720x432.jpg 720w\" sizes=\"(max-width: 1000px) 100vw, 1000px\" \/><\/figure>\n\n\n\n<figure class=\"wp-block-image\"><img decoding=\"async\" loading=\"lazy\" width=\"1000\" height=\"600\" data-id=\"237\"  src=\"https:\/\/retrogames-event.pl\/wp-content\/uploads\/2020\/01\/wawa-003-1.jpg\" alt=\"\" class=\"wp-image-237\" srcset=\"https:\/\/retrogames-event.pl\/wp-content\/uploads\/2020\/01\/wawa-003-1.jpg 1000w, https:\/\/retrogames-event.pl\/wp-content\/uploads\/2020\/01\/wawa-003-1-300x180.jpg 300w, https:\/\/retrogames-event.pl\/wp-content\/uploads\/2020\/01\/wawa-003-1-768x461.jpg 768w, https:\/\/retrogames-event.pl\/wp-content\/uploads\/2020\/01\/wawa-003-1-720x432.jpg 720w\" sizes=\"(max-width: 1000px) 100vw, 1000px\" \/><\/figure>\n\n\n\n<figure class=\"wp-block-image\"><img decoding=\"async\" loading=\"lazy\" width=\"1000\" height=\"600\" data-id=\"240\"  src=\"https:\/\/retrogames-event.pl\/wp-content\/uploads\/2020\/01\/wawa-001-1.jpg\" alt=\"\" class=\"wp-image-240\" srcset=\"https:\/\/retrogames-event.pl\/wp-content\/uploads\/2020\/01\/wawa-001-1.jpg 1000w, https:\/\/retrogames-event.pl\/wp-content\/uploads\/2020\/01\/wawa-001-1-300x180.jpg 300w, https:\/\/retrogames-event.pl\/wp-content\/uploads\/2020\/01\/wawa-001-1-768x461.jpg 768w, https:\/\/retrogames-event.pl\/wp-content\/uploads\/2020\/01\/wawa-001-1-720x432.jpg 720w\" sizes=\"(max-width: 1000px) 100vw, 1000px\" \/><\/figure>\n<\/figure>\n\n\n\n<p>Oddajemy w Pa\u0144stwa r\u0119ce <strong>kultowe, oryginalne, w 100% sprawne<\/strong> obiekty \u00f3wczesnych marze\u0144 i westchnie\u0144. Od pierwszego na \u015bwiecie mikrokomputera domowego ZX81, przez popularne ZX Spectrum\u2019y, zachwycaj\u0105cego muzyk\u0105 Commodore, przebojowe Atari, pierwszego, przeznaczonego do profesjonalnych zada\u0144 Atari ST, na kr\u00f3lowej gier &#8211; Amidze &#8211; ko\u0144cz\u0105c. Dok\u0142adnie te, na kt\u00f3re Pa\u0144stwo i Pa\u0144stwa klienci mogli trafi\u0107 w szko\u0142ach, klubach komputerowych czy \u00f3wczesnych salonach gier. Zrobili\u015bmy co w naszej mocy aby to obecne, sentymentalne spotkanie, wypad\u0142o jak najlepiej.<\/p>\n\n\n\n<figure class=\"wp-block-image is-resized\"><img decoding=\"async\" loading=\"lazy\" src=\"https:\/\/retrogames-event.pl\/wp-content\/uploads\/2019\/08\/linia.jpg\" alt=\"\" class=\"wp-image-94\" width=\"580\" height=\"15\" srcset=\"https:\/\/retrogames-event.pl\/wp-content\/uploads\/2019\/08\/linia.jpg 946w, https:\/\/retrogames-event.pl\/wp-content\/uploads\/2019\/08\/linia-300x8.jpg 300w, https:\/\/retrogames-event.pl\/wp-content\/uploads\/2019\/08\/linia-768x20.jpg 768w, https:\/\/retrogames-event.pl\/wp-content\/uploads\/2019\/08\/linia-720x19.jpg 720w\" sizes=\"(max-width: 580px) 100vw, 580px\" \/><\/figure>\n\n\n\n<p>Nasza podstawowa strefa retro to <strong>12 stanowisk<\/strong> z kultowymi mikrokomputerami 8\/16 bitowymi: ZX81, ZX Spectrum 48, ZX Spectrum+, Timex 2048, Amstrad CPC 464, Atari 800XL, Atari 65XE, Atari ST 1040, Commodore 64, Commodore 64C, Amiga 500, Amiga 600\/1200. <\/p>\n\n\n\n<p>Wy\u017cej wymienione komputery zosta\u0142y starannie wyselekcjonowane. To prawdziwe <strong>kamienie milowe<\/strong> lat 80 i 90\u2019tych i <strong>najwa\u017cniejsze modele<\/strong> poprzedniej epoki. I cho\u0107 do naszej rodziny ca\u0142y czas do\u0142\u0105czaj\u0105 kolejne, to jednak ta kultowa \u201cdwunastka\u201d rozpala\u0142a wyobra\u017ani\u0119 ka\u017cdego dzieciaka w tamtych czasach. Dzieciaka, kt\u00f3ry dzi\u015b ma wbity level 40+ i pewnie nie spodziewa\u0142 si\u0119, \u017ce kiedykolwiek jeszcze zobaczy je na w\u0142asne oczy&#8230;\u00a0<\/p>\n\n\n\n<figure class=\"wp-block-gallery has-nested-images columns-default is-cropped wp-block-gallery-3 is-layout-flex\">\n<figure class=\"wp-block-image\"><img decoding=\"async\" loading=\"lazy\" width=\"1000\" height=\"600\" data-id=\"62\"  src=\"https:\/\/retrogames-event.pl\/wp-content\/uploads\/2019\/08\/017.jpg\" alt=\"\" class=\"wp-image-62\" srcset=\"https:\/\/retrogames-event.pl\/wp-content\/uploads\/2019\/08\/017.jpg 1000w, https:\/\/retrogames-event.pl\/wp-content\/uploads\/2019\/08\/017-300x180.jpg 300w, https:\/\/retrogames-event.pl\/wp-content\/uploads\/2019\/08\/017-768x461.jpg 768w, https:\/\/retrogames-event.pl\/wp-content\/uploads\/2019\/08\/017-720x432.jpg 720w\" sizes=\"(max-width: 1000px) 100vw, 1000px\" \/><\/figure>\n\n\n\n<figure class=\"wp-block-image\"><img decoding=\"async\" loading=\"lazy\" width=\"1000\" height=\"600\" data-id=\"55\"  src=\"https:\/\/retrogames-event.pl\/wp-content\/uploads\/2019\/08\/010.jpg\" alt=\"\" class=\"wp-image-55\" srcset=\"https:\/\/retrogames-event.pl\/wp-content\/uploads\/2019\/08\/010.jpg 1000w, https:\/\/retrogames-event.pl\/wp-content\/uploads\/2019\/08\/010-300x180.jpg 300w, https:\/\/retrogames-event.pl\/wp-content\/uploads\/2019\/08\/010-768x461.jpg 768w, https:\/\/retrogames-event.pl\/wp-content\/uploads\/2019\/08\/010-720x432.jpg 720w\" sizes=\"(max-width: 1000px) 100vw, 1000px\" \/><\/figure>\n\n\n\n<figure class=\"wp-block-image\"><img decoding=\"async\" loading=\"lazy\" width=\"1000\" height=\"600\" data-id=\"48\"  src=\"https:\/\/retrogames-event.pl\/wp-content\/uploads\/2019\/08\/003.jpg\" alt=\"\" class=\"wp-image-48\" srcset=\"https:\/\/retrogames-event.pl\/wp-content\/uploads\/2019\/08\/003.jpg 1000w, https:\/\/retrogames-event.pl\/wp-content\/uploads\/2019\/08\/003-300x180.jpg 300w, https:\/\/retrogames-event.pl\/wp-content\/uploads\/2019\/08\/003-768x461.jpg 768w, https:\/\/retrogames-event.pl\/wp-content\/uploads\/2019\/08\/003-720x432.jpg 720w\" sizes=\"(max-width: 1000px) 100vw, 1000px\" \/><\/figure>\n<\/figure>\n\n\n\n<p>Ponadto stanowisko konkursowe C64 z kultow\u0105 gr\u0105 &#8222;River Raid&#8221; (nagrody wliczone w cen\u0119), automat Retro Arcade (salon gier), jedyna polska konsola Ameprod TVG-10 (Pong), &#8222;New Retro&#8221; czyli wsp\u00f3\u0142czesne wersje pierwszych konsol: Playstation i NES, stanowiska gier analogowych: Mastermind, Mechaniczny Flipper, Retro Pi\u0142karzyki, Tor do gry w kapsle i wiele innych&#8230;<\/p>\n\n\n\n<figure class=\"wp-block-gallery has-nested-images columns-default is-cropped wp-block-gallery-5 is-layout-flex\">\n<figure class=\"wp-block-image\"><img decoding=\"async\" loading=\"lazy\" width=\"1000\" height=\"600\" data-id=\"220\"  src=\"https:\/\/retrogames-event.pl\/wp-content\/uploads\/2020\/01\/wawa-006.jpg\" alt=\"\" class=\"wp-image-220\" srcset=\"https:\/\/retrogames-event.pl\/wp-content\/uploads\/2020\/01\/wawa-006.jpg 1000w, https:\/\/retrogames-event.pl\/wp-content\/uploads\/2020\/01\/wawa-006-300x180.jpg 300w, https:\/\/retrogames-event.pl\/wp-content\/uploads\/2020\/01\/wawa-006-768x461.jpg 768w, https:\/\/retrogames-event.pl\/wp-content\/uploads\/2020\/01\/wawa-006-720x432.jpg 720w\" sizes=\"(max-width: 1000px) 100vw, 1000px\" \/><\/figure>\n\n\n\n<figure class=\"wp-block-image\"><img decoding=\"async\" loading=\"lazy\" width=\"1000\" height=\"600\" data-id=\"224\"  src=\"https:\/\/retrogames-event.pl\/wp-content\/uploads\/2020\/01\/wawa-010.jpg\" alt=\"\" class=\"wp-image-224\" srcset=\"https:\/\/retrogames-event.pl\/wp-content\/uploads\/2020\/01\/wawa-010.jpg 1000w, https:\/\/retrogames-event.pl\/wp-content\/uploads\/2020\/01\/wawa-010-300x180.jpg 300w, https:\/\/retrogames-event.pl\/wp-content\/uploads\/2020\/01\/wawa-010-768x461.jpg 768w, https:\/\/retrogames-event.pl\/wp-content\/uploads\/2020\/01\/wawa-010-720x432.jpg 720w\" sizes=\"(max-width: 1000px) 100vw, 1000px\" \/><\/figure>\n\n\n\n<figure class=\"wp-block-image\"><img decoding=\"async\" loading=\"lazy\" width=\"1000\" height=\"600\" data-id=\"218\"  src=\"https:\/\/retrogames-event.pl\/wp-content\/uploads\/2020\/01\/wawa-004.jpg\" alt=\"\" class=\"wp-image-218\" srcset=\"https:\/\/retrogames-event.pl\/wp-content\/uploads\/2020\/01\/wawa-004.jpg 1000w, https:\/\/retrogames-event.pl\/wp-content\/uploads\/2020\/01\/wawa-004-300x180.jpg 300w, https:\/\/retrogames-event.pl\/wp-content\/uploads\/2020\/01\/wawa-004-768x461.jpg 768w, https:\/\/retrogames-event.pl\/wp-content\/uploads\/2020\/01\/wawa-004-720x432.jpg 720w\" sizes=\"(max-width: 1000px) 100vw, 1000px\" \/><\/figure>\n<\/figure>\n\n\n<div class=\"wp-block-image\">\n<figure class=\"aligncenter\"><img decoding=\"async\" loading=\"lazy\" width=\"400\" height=\"60\" src=\"https:\/\/retrogames-event.pl\/wp-content\/uploads\/2019\/08\/wp-logo2.jpg\" alt=\"\" class=\"wp-image-14\" srcset=\"https:\/\/retrogames-event.pl\/wp-content\/uploads\/2019\/08\/wp-logo2.jpg 400w, https:\/\/retrogames-event.pl\/wp-content\/uploads\/2019\/08\/wp-logo2-300x45.jpg 300w\" sizes=\"(max-width: 400px) 100vw, 400px\" \/><\/figure><\/div>\n\n<div class=\"wp-block-image\">\n<figure class=\"aligncenter size-full is-resized\"><img decoding=\"async\" loading=\"lazy\" src=\"https:\/\/retrogames-event.pl\/wp-content\/uploads\/2025\/02\/RG-Logo.gif\" alt=\"\" class=\"wp-image-341\" width=\"549\" height=\"477\"\/><\/figure><\/div>","protected":false},"excerpt":{"rendered":"<p>Polecamy Pa\u0144stwa uwadze nasz\u0105 stref\u0119 Retro Games Event, kt\u00f3ra dla Pa\u0144stwa i Pa\u0144stwa klient\u00f3w b\u0119dzie sympatycznie zaskakuj\u0105c\u0105 podr\u00f3\u017c\u0105 w czasie. Dla starszych &#8211; sentymentaln\u0105 podr\u00f3\u017c\u0105 do&#46;&#46;&#46;<\/p>\n","protected":false},"author":1,"featured_media":0,"parent":0,"menu_order":0,"comment_status":"closed","ping_status":"closed","template":"","meta":[],"_links":{"self":[{"href":"https:\/\/retrogames-event.pl\/index.php\/wp-json\/wp\/v2\/pages\/27"}],"collection":[{"href":"https:\/\/retrogames-event.pl\/index.php\/wp-json\/wp\/v2\/pages"}],"about":[{"href":"https:\/\/retrogames-event.pl\/index.php\/wp-json\/wp\/v2\/types\/page"}],"author":[{"embeddable":true,"href":"https:\/\/retrogames-event.pl\/index.php\/wp-json\/wp\/v2\/users\/1"}],"replies":[{"embeddable":true,"href":"https:\/\/retrogames-event.pl\/index.php\/wp-json\/wp\/v2\/comments?post=27"}],"version-history":[{"count":32,"href":"https:\/\/retrogames-event.pl\/index.php\/wp-json\/wp\/v2\/pages\/27\/revisions"}],"predecessor-version":[{"id":351,"href":"https:\/\/retrogames-event.pl\/index.php\/wp-json\/wp\/v2\/pages\/27\/revisions\/351"}],"wp:attachment":[{"href":"https:\/\/retrogames-event.pl\/index.php\/wp-json\/wp\/v2\/media?parent=27"}],"curies":[{"name":"wp","href":"https:\/\/api.w.org\/{rel}","templated":true}]}}