{"id":101,"date":"2019-08-20T16:36:15","date_gmt":"2019-08-20T16:36:15","guid":{"rendered":"http:\/\/retrogames-event.pl\/wordpress\/?page_id=101"},"modified":"2020-01-04T16:09:45","modified_gmt":"2020-01-04T16:09:45","slug":"konkurs","status":"publish","type":"page","link":"https:\/\/retrogames-event.pl\/index.php\/konkurs\/","title":{"rendered":"KONKURS"},"content":{"rendered":"\n<p>Ka\u017cdy z uczestnik\u00f3w Pa\u0144stwa imprezy mo\u017ce wzi\u0105\u0107 udzia\u0142 w konkursie zr\u0119czno\u015bciowym (rozgrywanym na oddzielnym stanowisku) i wygra\u0107 Commodore 64 Mini, mini konsol\u0119 retro, Power Bank RG, kubek RG lub pami\u0105tkow\u0105 smycz. <strong>Wszystkie nagrody s\u0105 wliczone w cen\u0119.<\/strong><\/p>\n\n\n\n<div class=\"wp-block-image\"><figure class=\"aligncenter is-resized\"><img decoding=\"async\" loading=\"lazy\" src=\"https:\/\/retrogames-event.pl\/wp-content\/uploads\/2019\/08\/thec64_boxshot_3d_uk-1024x681.png\" alt=\"\" class=\"wp-image-147\" width=\"358\" height=\"237\" srcset=\"https:\/\/retrogames-event.pl\/wp-content\/uploads\/2019\/08\/thec64_boxshot_3d_uk-1024x681.png 1024w, https:\/\/retrogames-event.pl\/wp-content\/uploads\/2019\/08\/thec64_boxshot_3d_uk-300x200.png 300w, https:\/\/retrogames-event.pl\/wp-content\/uploads\/2019\/08\/thec64_boxshot_3d_uk-768x511.png 768w, https:\/\/retrogames-event.pl\/wp-content\/uploads\/2019\/08\/thec64_boxshot_3d_uk-720x479.png 720w\" sizes=\"(max-width: 358px) 100vw, 358px\" \/><\/figure><\/div>\n\n\n\n<p>Wystarczy tylko pobi\u0107 rekord\u2026 Fakt: <strong>64.000<\/strong> punkt\u00f3w to do\u015b\u0107 wy\u015brubowany wynik ale mo\u017ce trafimy na mistrza? Do dyspozycji oddajemy stanowisko z kultow\u0105 gr\u0105 River Raid &#8211; <strong>uczestnicy maj\u0105 niesko\u0144czon\u0105 ilo\u015b\u0107 pr\u00f3b<\/strong>. A je\u015bli si\u0119 nie uda to na uczestnik\u00f3w zawsze czekaj\u0105 nagrody pocieszenia.<\/p>\n\n\n\n<figure class=\"wp-block-image\"><img decoding=\"async\" loading=\"lazy\" width=\"600\" height=\"816\" src=\"https:\/\/retrogames-event.pl\/wp-content\/uploads\/2019\/08\/RG-River-100-DRUK.jpg\" alt=\"\" class=\"wp-image-145\" srcset=\"https:\/\/retrogames-event.pl\/wp-content\/uploads\/2019\/08\/RG-River-100-DRUK.jpg 600w, https:\/\/retrogames-event.pl\/wp-content\/uploads\/2019\/08\/RG-River-100-DRUK-221x300.jpg 221w\" sizes=\"(max-width: 600px) 100vw, 600px\" \/><\/figure>\n\n\n\n<figure class=\"wp-block-image\"><img decoding=\"async\" loading=\"lazy\" width=\"946\" height=\"25\" src=\"https:\/\/retrogames-event.pl\/wp-content\/uploads\/2019\/08\/linia.jpg\" alt=\"\" class=\"wp-image-94\" srcset=\"https:\/\/retrogames-event.pl\/wp-content\/uploads\/2019\/08\/linia.jpg 946w, https:\/\/retrogames-event.pl\/wp-content\/uploads\/2019\/08\/linia-300x8.jpg 300w, https:\/\/retrogames-event.pl\/wp-content\/uploads\/2019\/08\/linia-768x20.jpg 768w, https:\/\/retrogames-event.pl\/wp-content\/uploads\/2019\/08\/linia-720x19.jpg 720w\" sizes=\"(max-width: 946px) 100vw, 946px\" \/><\/figure>\n\n\n\n<figure class=\"wp-block-image\"><img decoding=\"async\" loading=\"lazy\" width=\"602\" height=\"354\" src=\"https:\/\/retrogames-event.pl\/wp-content\/uploads\/2019\/08\/river.gif\" alt=\"\" class=\"wp-image-177\"\/><\/figure>\n","protected":false},"excerpt":{"rendered":"<p>Ka\u017cdy z uczestnik\u00f3w Pa\u0144stwa imprezy mo\u017ce wzi\u0105\u0107 udzia\u0142 w konkursie zr\u0119czno\u015bciowym (rozgrywanym na oddzielnym stanowisku) i wygra\u0107 Commodore 64 Mini, mini konsol\u0119 retro, Power Bank RG,&#46;&#46;&#46;<\/p>\n","protected":false},"author":1,"featured_media":0,"parent":0,"menu_order":0,"comment_status":"closed","ping_status":"closed","template":"","meta":[],"_links":{"self":[{"href":"https:\/\/retrogames-event.pl\/index.php\/wp-json\/wp\/v2\/pages\/101"}],"collection":[{"href":"https:\/\/retrogames-event.pl\/index.php\/wp-json\/wp\/v2\/pages"}],"about":[{"href":"https:\/\/retrogames-event.pl\/index.php\/wp-json\/wp\/v2\/types\/page"}],"author":[{"embeddable":true,"href":"https:\/\/retrogames-event.pl\/index.php\/wp-json\/wp\/v2\/users\/1"}],"replies":[{"embeddable":true,"href":"https:\/\/retrogames-event.pl\/index.php\/wp-json\/wp\/v2\/comments?post=101"}],"version-history":[{"count":21,"href":"https:\/\/retrogames-event.pl\/index.php\/wp-json\/wp\/v2\/pages\/101\/revisions"}],"predecessor-version":[{"id":274,"href":"https:\/\/retrogames-event.pl\/index.php\/wp-json\/wp\/v2\/pages\/101\/revisions\/274"}],"wp:attachment":[{"href":"https:\/\/retrogames-event.pl\/index.php\/wp-json\/wp\/v2\/media?parent=101"}],"curies":[{"name":"wp","href":"https:\/\/api.w.org\/{rel}","templated":true}]}}